{"id":4761,"date":"2024-10-16T00:15:34","date_gmt":"2024-10-15T22:15:34","guid":{"rendered":"https:\/\/milanretreats.com\/?page_id=4761"},"modified":"2025-03-16T10:31:51","modified_gmt":"2025-03-16T09:31:51","slug":"cookie-policy","status":"publish","type":"page","link":"https:\/\/milanretreats.com\/it\/cookie-policy\/","title":{"rendered":"Informativa sui cookie"},"content":{"rendered":"<div data-elementor-type=\"wp-page\" data-elementor-id=\"4761\" class=\"elementor elementor-4761\" data-elementor-post-type=\"page\">\n\t\t\t\t<div class=\"elementor-element elementor-element-2f11caf e-con-full e-flex e-con e-parent\" data-id=\"2f11caf\" data-element_type=\"container\" data-e-type=\"container\" data-settings=\"{&quot;background_background&quot;:&quot;classic&quot;}\">\n\t\t<div class=\"elementor-element elementor-element-aa79b2f e-con-full e-flex e-con e-child\" data-id=\"aa79b2f\" data-element_type=\"container\" data-e-type=\"container\">\n\t\t\t\t<div class=\"elementor-element elementor-element-61b5b9c elementor-widget elementor-widget-image\" data-id=\"61b5b9c\" data-element_type=\"widget\" data-e-type=\"widget\" data-widget_type=\"image.default\">\n\t\t\t\t\t\t\t\t\t\t\t\t\t\t\t<img fetchpriority=\"high\" decoding=\"async\" width=\"400\" height=\"300\" src=\"https:\/\/milanretreats.com\/wp-content\/uploads\/2024\/06\/Milan-Retreats_Logo_2023_white_B-copia.webp\" class=\"attachment-full size-full wp-image-212\" alt=\"Milan Retreats Appartamenti\" srcset=\"https:\/\/milanretreats.com\/wp-content\/uploads\/2024\/06\/Milan-Retreats_Logo_2023_white_B-copia.webp 400w, https:\/\/milanretreats.com\/wp-content\/uploads\/2024\/06\/Milan-Retreats_Logo_2023_white_B-copia-300x225.png 300w\" sizes=\"(max-width: 400px) 100vw, 400px\" \/>\t\t\t\t\t\t\t\t\t\t\t\t\t\t\t<\/div>\n\t\t\t\t<\/div>\n\t\t<div class=\"elementor-element elementor-element-fb56786 e-con-full e-flex e-con e-child\" data-id=\"fb56786\" data-element_type=\"container\" data-e-type=\"container\">\n\t\t\t\t<div class=\"elementor-element elementor-element-6312aff elementor-widget elementor-widget-heading\" data-id=\"6312aff\" data-element_type=\"widget\" data-e-type=\"widget\" data-widget_type=\"heading.default\">\n\t\t\t\t\t<h2 class=\"elementor-heading-title elementor-size-default\">Informativa sui cookie<\/h2>\t\t\t\t<\/div>\n\t\t\t\t<div class=\"elementor-element elementor-element-624111f elementor-widget elementor-widget-text-editor\" data-id=\"624111f\" data-element_type=\"widget\" data-e-type=\"widget\" data-widget_type=\"text-editor.default\">\n\t\t\t\t\t\t\t\t\t<p>Il presente documento fornisce informazioni sull'uso dei cookie e di tecnologie similari, su come sono utilizzati dal sito e su come gestirli.<\/p>\t\t\t\t\t\t\t\t<\/div>\n\t\t\t\t<\/div>\n\t\t\t\t<\/div>\n\t\t<div class=\"elementor-element elementor-element-e6bcd81 e-con-full e-flex e-con e-parent\" data-id=\"e6bcd81\" data-element_type=\"container\" data-e-type=\"container\">\n\t\t\t\t<div class=\"elementor-element elementor-element-cc5f1e4 elementor-widget elementor-widget-text-editor\" data-id=\"cc5f1e4\" data-element_type=\"widget\" data-e-type=\"widget\" data-widget_type=\"text-editor.default\">\n\t\t\t\t\t\t\t\t\t<p>Questo sito web utilizza cookie tecnici per garantire il corretto funzionamento delle procedure e migliorare l'esperienza di utilizzo delle applicazioni online.<\/p><p>I cookie sono piccoli file di testo che i siti visitati dagli utenti inviano ai loro terminali, dove vengono memorizzati prima di essere ritrasmessi agli stessi siti alla visita successiva. I Cd cookie \"di terze parti\" sono invece impostati da un sito web diverso da quello che l'utente sta visitando. Questo perch\u00e9 su ogni sito possono essere presenti elementi (immagini, mappe, suoni, specifici link a pagine web di altri domini, ecc.) che risiedono su server diversi da quello del sito visitato.<\/p><h2>Tipi di cookie<\/h2><p>In base alle caratteristiche e all'utilizzo dei cookie, possiamo distinguere diverse categorie:<\/p><p><strong>- Cookie tecnici.<\/strong>\u00a0I cookie tecnici sono quelli utilizzati al solo fine di \"effettuare la trasmissione di una comunicazione su una rete di comunicazione elettronica, o nella misura strettamente necessaria al fornitore di un servizio della societ\u00e0 dell'informazione esplicitamente richiesto dall'abbonato o dall'utente a erogare tale servizio\" (cfr. art. 122, comma 1, del Codice). Non vengono utilizzati per altri scopi e sono normalmente installati direttamente dal proprietario o dal gestore del sito web. Si distinguono in cookie di navigazione o di sessione, che garantiscono la normale navigazione e fruizione del sito web; cookie analytics, assimilati ai cookie tecnici laddove utilizzati direttamente dal gestore del sito per raccogliere informazioni, in forma aggregata, sul numero degli utenti e su come questi visitano il sito stesso; cookie di funzionalit\u00e0, che permettono all'utente la navigazione in funzione di una serie di criteri selezionati al fine di migliorare il servizio reso allo stesso. Per l'installazione di questi cookie non \u00e8 richiesto il preventivo consenso degli utenti, mentre non \u00e8 richiesto l'obbligo di fornire l'informativa ai sensi dell'art. 13 del Codice, che il sito ha in carico. 13 del Codice, che il gestore del sito, qualora utilizzi esclusivamente tali dispositivi, potr\u00e0 fornire con le modalit\u00e0 che riterr\u00e0 pi\u00f9 idonee.<\/p><p><strong>- Cookie di profilazione.<\/strong>\u00a0I cookie di profilazione sono volti a creare profili relativi all'utente e vengono utilizzati al fine di inviare messaggi pubblicitari in linea con le preferenze manifestate dallo stesso nell'ambito della navigazione in rete. Data la particolare invasivit\u00e0 che tali dispositivi possono avere nella sfera privata degli utenti, la normativa europea e italiana prevede che l'utente debba essere adeguatamente informato sul loro utilizzo ed esprimere cos\u00ec un valido consenso. L'art. Si riferisce all'art. 122 del Codice dove si prevede che \"la memorizzazione di informazioni nell'apparecchio terminale di un contraente o di un utente o l'accesso a informazioni gi\u00e0 memorizzate sono consentiti solo a condizione che il contraente o l'utente abbia espresso il proprio consenso dopo essere stato informato con le modalit\u00e0 semplificate di cui all'articolo 13, comma 3\" (art. 122, comma 1 del Codice). Questo sito non utilizza cookie di profilazione.<br \/>\"Cookie di \"terze parti<\/p><p>Visitando questo sito web si possono ricevere cookie da siti gestiti da altre organizzazioni (\"terze parti\"). Un esempio \u00e8 la presenza di \"social plugin\" per Facebook, Twitter, Google+ o LinkedIn, o di sistemi di visualizzazione di contenuti multimediali incorporati (integrati) come Youtube, Flikr. Si tratta di parti generate direttamente dai suddetti siti e integrate nel sito web dell'host visitato. La presenza di questi plugin comporta la trasmissione di cookie da e verso tutti i siti gestiti da terze parti. La gestione delle informazioni raccolte da \"terze parti\" \u00e8 regolata dalla relativa informativa a cui si rimanda. Per garantire una maggiore trasparenza e comodit\u00e0, si riportano di seguito gli indirizzi web delle varie informative e delle modalit\u00e0 di gestione dei cookie.<\/p><p><strong>Informazioni su Facebook:<\/strong>\u00a0https:\/\/www.facebook.com\/help\/cookies\/<br \/><strong>Facebook (configurazione):<\/strong>\u00a0accedere al proprio account. Sezione Privacy.<br \/><strong>Informazioni su Twitter:<\/strong>\u00a0https:\/\/support.twitter.com\/articles\/20170514<br \/><strong>Twitter (configurazione):<\/strong>\u00a0https:\/\/twitter.com\/settings\/security<br \/><strong>Informazioni su Linkedin:<\/strong>\u00a0https:\/\/www.linkedin.com\/legal\/cookie-policy<br \/><strong>Linkedin (configurazione):<\/strong>\u00a0https:\/\/www.linkedin.com\/settings\/<br \/><strong>Informazioni su Youtube:<\/strong>\u00a0http:\/\/www.google.it\/intl\/it\/policies\/technologies\/cookies\/<br \/><strong>Youtube Google+ (configurazione):<\/strong>\u00a0http:\/\/www.google.it\/intl\/it\/policies\/technologies\/managing\/<br \/><strong>Pinterest informativo:<\/strong>\u00a0Configurazione di https:\/\/about.pinterest.com\/it\/privacy-policy<br \/><strong>Flikr Yahoo informativo:<\/strong>\u00a0http:\/\/info.yahoo.com\/privacy\/it\/yahoo\/cookies\/details.html<\/p><p><strong>Cookie analitici<\/strong><br \/>Google Analytics<\/p><p>Il sito include anche componenti trasmesse da Google Analytics, un servizio di analisi del traffico web fornito da Google, Inc. (\"Google\"). Questi cookie vengono utilizzati esclusivamente per monitorare e migliorare le prestazioni del sito. Per ulteriori informazioni, consultare il link sottostante:<br \/>https:\/\/www.google.it\/policies\/privacy\/partners\/<\/p><p>L'utente pu\u00f2 disattivare in modo selettivo l'azione di Google Analytics installando sul proprio browser il componente di opt-out fornito da Google. Per disattivare l'azione di Google Analytics, si prega di consultare il link sottostante:<br \/>https:\/\/tools.google.com\/dlpage\/gaoptout<\/p><p><strong>Durata dei cookie<\/strong><\/p><p>Alcuni cookie (cookie di sessione) rimangono attivi solo fino alla chiusura del browser o all'esecuzione del comando di logout. Altri cookie \"sopravvivono\" alla chiusura del browser e sono disponibili anche per le visite successive dell'utente. Questi cookie sono detti persistenti e la loro durata \u00e8 stabilita dal server al momento della loro creazione. In alcuni casi viene fissata una scadenza, in altri casi la durata \u00e8 illimitata.<\/p><p><strong>Gestione dei cookie<\/strong><\/p><p>L'utente pu\u00f2 decidere se accettare i cookie utilizzando le impostazioni del proprio browser.<br \/>Attenzione: la disabilitazione totale o parziale dei cookie tecnici potrebbe compromettere l'utilizzo ottimale del sito.<br \/>La disabilitazione dei cookie di \"terze parti\" non pregiudica in alcun modo la navigazione.<br \/>L'impostazione pu\u00f2 essere definita in modo specifico per diversi siti e applicazioni web. Inoltre, i browser consentono di definire impostazioni diverse per i cookie \"proprietari\" e \"di terze parti\". Ad esempio, in Firefox, attraverso il menu Strumenti-&gt; Opzioni-&gt; Privacy, \u00e8 possibile accedere a un pannello di controllo in cui \u00e8 possibile definire se accettare o meno i diversi tipi di cookie e procedere alla loro rimozione. Su internet \u00e8 facilmente reperibile la documentazione su come impostare le regole di gestione dei cookie per il proprio browser, ad esempio sono riportati alcuni indirizzi relativi ai principali browser:<\/p><p><strong>Cromo<\/strong>: https:\/\/support.google.com\/chrome\/answer\/95647?hl=it<br \/><strong>Firefox<\/strong>: https:\/\/support.mozilla.org\/it\/kb\/Gestione%20dei%20cookie<br \/><strong>Internet Explorer<\/strong>: http:\/\/windows.microsoft.com\/it-it\/windows7\/how-to-manage-cookies-in-internet-explorer-9<br \/><strong>Opera<\/strong>: http:\/\/help.opera.com\/Windows\/10.00\/it\/cookies.html<br \/><strong>Safari<\/strong>: http:\/\/support.apple.com\/kb\/HT1677?viewlocale=it_IT<\/p>\t\t\t\t\t\t\t\t<\/div>\n\t\t\t\t<div class=\"elementor-element elementor-element-5446ef2 elementor-widget elementor-widget-html\" data-id=\"5446ef2\" data-element_type=\"widget\" data-e-type=\"widget\" data-widget_type=\"html.default\">\n\t\t\t\t\t<script id=\"CookieDeclaration\" src=\"https:\/\/consent.cookiebot.com\/63c7101e-6683-4037-8f62-ef1ae96b4097\/cd.js\" type=\"text\/javascript\" async><\/script>\t\t\t\t<\/div>\n\t\t\t\t<\/div>\n\t\t\t\t<\/div>","protected":false},"excerpt":{"rendered":"<p>This document provides information on the use of cookies and similar technologies, on how they are used by the site and on how to manage them. This website uses technical cookies to guarantee the correct functioning of the procedures and improve the experience of using online applications. Cookies are small text files that the sites [&hellip;]<\/p>\n","protected":false},"author":1,"featured_media":0,"parent":0,"menu_order":0,"comment_status":"closed","ping_status":"closed","template":"","meta":{"footnotes":""},"class_list":["post-4761","page","type-page","status-publish","hentry"],"yoast_head":"<!-- This site is optimized with the Yoast SEO plugin v27.3 - https:\/\/yoast.com\/product\/yoast-seo-wordpress\/ -->\n<title>Cookie Policy - Milan Retreats<\/title>\n<meta name=\"robots\" content=\"index, follow, max-snippet:-1, max-image-preview:large, max-video-preview:-1\" \/>\n<link rel=\"canonical\" href=\"https:\/\/milanretreats.com\/it\/cookie-policy\/\" \/>\n<meta property=\"og:locale\" content=\"it_IT\" \/>\n<meta property=\"og:type\" content=\"article\" \/>\n<meta property=\"og:title\" content=\"Cookie Policy - Milan Retreats\" \/>\n<meta property=\"og:description\" content=\"This document provides information on the use of cookies and similar technologies, on how they are used by the site and on how to manage them. This website uses technical cookies to guarantee the correct functioning of the procedures and improve the experience of using online applications. Cookies are small text files that the sites [&hellip;]\" \/>\n<meta property=\"og:url\" content=\"https:\/\/milanretreats.com\/it\/cookie-policy\/\" \/>\n<meta property=\"og:site_name\" content=\"Milan Retreats\" \/>\n<meta property=\"article:publisher\" content=\"https:\/\/www.facebook.com\/milanretreats\" \/>\n<meta property=\"article:modified_time\" content=\"2025-03-16T09:31:51+00:00\" \/>\n<meta property=\"og:image\" content=\"https:\/\/milanretreats.com\/wp-content\/uploads\/2024\/06\/Milan-Retreats_Logo_2023_white_B-copia.webp\" \/>\n\t<meta property=\"og:image:width\" content=\"400\" \/>\n\t<meta property=\"og:image:height\" content=\"300\" \/>\n\t<meta property=\"og:image:type\" content=\"image\/webp\" \/>\n<meta name=\"twitter:card\" content=\"summary_large_image\" \/>\n<meta name=\"twitter:label1\" content=\"Tempo di lettura stimato\" \/>\n\t<meta name=\"twitter:data1\" content=\"7 minuti\" \/>\n<script type=\"application\/ld+json\" class=\"yoast-schema-graph\">{\"@context\":\"https:\\\/\\\/schema.org\",\"@graph\":[{\"@type\":\"WebPage\",\"@id\":\"https:\\\/\\\/milanretreats.com\\\/cookie-policy\\\/\",\"url\":\"https:\\\/\\\/milanretreats.com\\\/cookie-policy\\\/\",\"name\":\"Cookie Policy - Milan Retreats\",\"isPartOf\":{\"@id\":\"https:\\\/\\\/milanretreats.com\\\/#website\"},\"primaryImageOfPage\":{\"@id\":\"https:\\\/\\\/milanretreats.com\\\/cookie-policy\\\/#primaryimage\"},\"image\":{\"@id\":\"https:\\\/\\\/milanretreats.com\\\/cookie-policy\\\/#primaryimage\"},\"thumbnailUrl\":\"https:\\\/\\\/milanretreats.com\\\/wp-content\\\/uploads\\\/2024\\\/06\\\/Milan-Retreats_Logo_2023_white_B-copia.webp\",\"datePublished\":\"2024-10-15T22:15:34+00:00\",\"dateModified\":\"2025-03-16T09:31:51+00:00\",\"breadcrumb\":{\"@id\":\"https:\\\/\\\/milanretreats.com\\\/cookie-policy\\\/#breadcrumb\"},\"inLanguage\":\"it-IT\",\"potentialAction\":[{\"@type\":\"ReadAction\",\"target\":[\"https:\\\/\\\/milanretreats.com\\\/cookie-policy\\\/\"]}]},{\"@type\":\"ImageObject\",\"inLanguage\":\"it-IT\",\"@id\":\"https:\\\/\\\/milanretreats.com\\\/cookie-policy\\\/#primaryimage\",\"url\":\"https:\\\/\\\/milanretreats.com\\\/wp-content\\\/uploads\\\/2024\\\/06\\\/Milan-Retreats_Logo_2023_white_B-copia.webp\",\"contentUrl\":\"https:\\\/\\\/milanretreats.com\\\/wp-content\\\/uploads\\\/2024\\\/06\\\/Milan-Retreats_Logo_2023_white_B-copia.webp\"},{\"@type\":\"BreadcrumbList\",\"@id\":\"https:\\\/\\\/milanretreats.com\\\/cookie-policy\\\/#breadcrumb\",\"itemListElement\":[{\"@type\":\"ListItem\",\"position\":1,\"name\":\"Home\",\"item\":\"https:\\\/\\\/milanretreats.com\\\/\"},{\"@type\":\"ListItem\",\"position\":2,\"name\":\"Cookie Policy\"}]},{\"@type\":\"WebSite\",\"@id\":\"https:\\\/\\\/milanretreats.com\\\/#website\",\"url\":\"https:\\\/\\\/milanretreats.com\\\/\",\"name\":\"Milan Retreats\",\"description\":\"Feel at home\",\"publisher\":{\"@id\":\"https:\\\/\\\/milanretreats.com\\\/#organization\"},\"potentialAction\":[{\"@type\":\"SearchAction\",\"target\":{\"@type\":\"EntryPoint\",\"urlTemplate\":\"https:\\\/\\\/milanretreats.com\\\/?s={search_term_string}\"},\"query-input\":{\"@type\":\"PropertyValueSpecification\",\"valueRequired\":true,\"valueName\":\"search_term_string\"}}],\"inLanguage\":\"it-IT\"},{\"@type\":\"Organization\",\"@id\":\"https:\\\/\\\/milanretreats.com\\\/#organization\",\"name\":\"Milan Retreats\",\"url\":\"https:\\\/\\\/milanretreats.com\\\/\",\"logo\":{\"@type\":\"ImageObject\",\"inLanguage\":\"it-IT\",\"@id\":\"https:\\\/\\\/milanretreats.com\\\/#\\\/schema\\\/logo\\\/image\\\/\",\"url\":\"https:\\\/\\\/milanretreats.com\\\/wp-content\\\/uploads\\\/2024\\\/06\\\/Milan-Retreats_Logo_2023_white_B-copia.png\",\"contentUrl\":\"https:\\\/\\\/milanretreats.com\\\/wp-content\\\/uploads\\\/2024\\\/06\\\/Milan-Retreats_Logo_2023_white_B-copia.png\",\"width\":400,\"height\":300,\"caption\":\"Milan Retreats\"},\"image\":{\"@id\":\"https:\\\/\\\/milanretreats.com\\\/#\\\/schema\\\/logo\\\/image\\\/\"},\"sameAs\":[\"https:\\\/\\\/www.facebook.com\\\/milanretreats\",\"https:\\\/\\\/www.instagram.com\\\/milan.retreats\\\/\"]}]}<\/script>\n<!-- \/ Yoast SEO plugin. -->","yoast_head_json":{"title":"Politica dei cookie - Milan Retreats","robots":{"index":"index","follow":"follow","max-snippet":"max-snippet:-1","max-image-preview":"max-image-preview:large","max-video-preview":"max-video-preview:-1"},"canonical":"https:\/\/milanretreats.com\/it\/cookie-policy\/","og_locale":"it_IT","og_type":"article","og_title":"Cookie Policy - Milan Retreats","og_description":"This document provides information on the use of cookies and similar technologies, on how they are used by the site and on how to manage them. This website uses technical cookies to guarantee the correct functioning of the procedures and improve the experience of using online applications. Cookies are small text files that the sites [&hellip;]","og_url":"https:\/\/milanretreats.com\/it\/cookie-policy\/","og_site_name":"Milan Retreats","article_publisher":"https:\/\/www.facebook.com\/milanretreats","article_modified_time":"2025-03-16T09:31:51+00:00","og_image":[{"width":400,"height":300,"url":"https:\/\/milanretreats.com\/wp-content\/uploads\/2024\/06\/Milan-Retreats_Logo_2023_white_B-copia.webp","type":"image\/webp"}],"twitter_card":"summary_large_image","twitter_misc":{"Tempo di lettura stimato":"7 minuti"},"schema":{"@context":"https:\/\/schema.org","@graph":[{"@type":"WebPage","@id":"https:\/\/milanretreats.com\/cookie-policy\/","url":"https:\/\/milanretreats.com\/cookie-policy\/","name":"Politica dei cookie - Milan Retreats","isPartOf":{"@id":"https:\/\/milanretreats.com\/#website"},"primaryImageOfPage":{"@id":"https:\/\/milanretreats.com\/cookie-policy\/#primaryimage"},"image":{"@id":"https:\/\/milanretreats.com\/cookie-policy\/#primaryimage"},"thumbnailUrl":"https:\/\/milanretreats.com\/wp-content\/uploads\/2024\/06\/Milan-Retreats_Logo_2023_white_B-copia.webp","datePublished":"2024-10-15T22:15:34+00:00","dateModified":"2025-03-16T09:31:51+00:00","breadcrumb":{"@id":"https:\/\/milanretreats.com\/cookie-policy\/#breadcrumb"},"inLanguage":"it-IT","potentialAction":[{"@type":"ReadAction","target":["https:\/\/milanretreats.com\/cookie-policy\/"]}]},{"@type":"ImageObject","inLanguage":"it-IT","@id":"https:\/\/milanretreats.com\/cookie-policy\/#primaryimage","url":"https:\/\/milanretreats.com\/wp-content\/uploads\/2024\/06\/Milan-Retreats_Logo_2023_white_B-copia.webp","contentUrl":"https:\/\/milanretreats.com\/wp-content\/uploads\/2024\/06\/Milan-Retreats_Logo_2023_white_B-copia.webp"},{"@type":"BreadcrumbList","@id":"https:\/\/milanretreats.com\/cookie-policy\/#breadcrumb","itemListElement":[{"@type":"ListItem","position":1,"name":"Home","item":"https:\/\/milanretreats.com\/"},{"@type":"ListItem","position":2,"name":"Cookie Policy"}]},{"@type":"WebSite","@id":"https:\/\/milanretreats.com\/#website","url":"https:\/\/milanretreats.com\/","name":"Milan Retreats","description":"Sentirsi a casa","publisher":{"@id":"https:\/\/milanretreats.com\/#organization"},"potentialAction":[{"@type":"SearchAction","target":{"@type":"EntryPoint","urlTemplate":"https:\/\/milanretreats.com\/?s={search_term_string}"},"query-input":{"@type":"PropertyValueSpecification","valueRequired":true,"valueName":"search_term_string"}}],"inLanguage":"it-IT"},{"@type":"Organization","@id":"https:\/\/milanretreats.com\/#organization","name":"Milan Retreats","url":"https:\/\/milanretreats.com\/","logo":{"@type":"ImageObject","inLanguage":"it-IT","@id":"https:\/\/milanretreats.com\/#\/schema\/logo\/image\/","url":"https:\/\/milanretreats.com\/wp-content\/uploads\/2024\/06\/Milan-Retreats_Logo_2023_white_B-copia.png","contentUrl":"https:\/\/milanretreats.com\/wp-content\/uploads\/2024\/06\/Milan-Retreats_Logo_2023_white_B-copia.png","width":400,"height":300,"caption":"Milan Retreats"},"image":{"@id":"https:\/\/milanretreats.com\/#\/schema\/logo\/image\/"},"sameAs":["https:\/\/www.facebook.com\/milanretreats","https:\/\/www.instagram.com\/milan.retreats\/"]}]}},"_links":{"self":[{"href":"https:\/\/milanretreats.com\/it\/wp-json\/wp\/v2\/pages\/4761","targetHints":{"allow":["GET"]}}],"collection":[{"href":"https:\/\/milanretreats.com\/it\/wp-json\/wp\/v2\/pages"}],"about":[{"href":"https:\/\/milanretreats.com\/it\/wp-json\/wp\/v2\/types\/page"}],"author":[{"embeddable":true,"href":"https:\/\/milanretreats.com\/it\/wp-json\/wp\/v2\/users\/1"}],"replies":[{"embeddable":true,"href":"https:\/\/milanretreats.com\/it\/wp-json\/wp\/v2\/comments?post=4761"}],"version-history":[{"count":0,"href":"https:\/\/milanretreats.com\/it\/wp-json\/wp\/v2\/pages\/4761\/revisions"}],"wp:attachment":[{"href":"https:\/\/milanretreats.com\/it\/wp-json\/wp\/v2\/media?parent=4761"}],"curies":[{"name":"wp","href":"https:\/\/api.w.org\/{rel}","templated":true}]}}